{"id":18,"date":"2015-02-03T11:23:24","date_gmt":"2015-02-03T11:23:24","guid":{"rendered":"http:\/\/tobas.de\/wp\/?page_id=18"},"modified":"2017-04-01T13:10:05","modified_gmt":"2017-04-01T12:10:05","slug":"unternehmen","status":"publish","type":"page","link":"https:\/\/tobas.de\/wp\/?page_id=18","title":{"rendered":"Unternehmen"},"content":{"rendered":"<p>Die ToBaS Systemberatung ist ein modernes Handels- und Dienstleistungsunternehmen f\u00fcr Computertechnik und B\u00fcrokommunikation mit Sitz in Essen (Ruhr).<br \/>\nSeit 1995 betreuen wir haupts\u00e4chlich Unternehmen im Ruhrgebiet und dem angrenzenden Rhein-, M\u00fcnster- und Sauerland, die den unterschiedlichsten Branchen angeh\u00f6ren. Bei unseren Kunden werden sowohl Einzelarbeitspl\u00e4tze als auch Netzwerke und Cloudl\u00f6sungen an unterschiedlichen Standorten von uns verwaltet.<\/p>\n<p>Unser Hauptgesch\u00e4ft ist die Installation, Administration sowie die Wartung und der Vertrieb von IT-Systemen, Sicherheitsl\u00f6sungen und der dazugeh\u00f6rigen technischen Komponenten und Programme. Wir planen und realisieren f\u00fcr unsere Kunden anspruchsvolle, individuelle Unternehmensl\u00f6sungen f\u00fcr ihren maximalen Gesch\u00e4ftserfolg &#8211; auch in der Cloud.<br \/>\nWir ebnen Ihnen den Weg in Zukunft!<\/p>\n<p>Sie erreichen uns Montags bis Donnerstags in der Zeit von 09.00 &#8211; 18.00 Uhr<br \/>\nund Freitags bis 16.00 Uhr unter der Telefonnummer 0201 \/ 869 68 46.<\/p>\n<p><strong>Unsere Philosophie:<\/strong><br \/>\nDie Zufriedenheit unserer Kunden, die fehlerfreie Funktion Ihrer<br \/>\nIT-Umgebung, die wirtschaftlichsten und zuverl\u00e4ssigsten L\u00f6sungen<br \/>\nzur Sicherstellung und Optimierung Ihrer Betriebsabl\u00e4ufe, sind unsere zentrale Aufgabe.<\/p>\n","protected":false},"excerpt":{"rendered":"<p>Die ToBaS Systemberatung ist ein modernes Handels- und Dienstleistungsunternehmen f\u00fcr Computertechnik und B\u00fcrokommunikation mit Sitz in Essen (Ruhr). Seit 1995 betreuen wir haupts\u00e4chlich Unternehmen im Ruhrgebiet und dem angrenzenden Rhein-, M\u00fcnster- und Sauerland, die den unterschiedlichsten Branchen angeh\u00f6ren. Bei unseren Kunden werden sowohl Einzelarbeitspl\u00e4tze als auch Netzwerke und Cloudl\u00f6sungen an unterschiedlichen Standorten von uns verwaltet.\u2026 <span class=\"read-more\"><a href=\"https:\/\/tobas.de\/wp\/?page_id=18\">Weiterlesen &raquo;<\/a><\/span><\/p>\n","protected":false},"author":1,"featured_media":0,"parent":0,"menu_order":0,"comment_status":"closed","ping_status":"open","template":"","meta":{"footnotes":""},"class_list":["post-18","page","type-page","status-publish","hentry"],"_links":{"self":[{"href":"https:\/\/tobas.de\/wp\/index.php?rest_route=\/wp\/v2\/pages\/18","targetHints":{"allow":["GET"]}}],"collection":[{"href":"https:\/\/tobas.de\/wp\/index.php?rest_route=\/wp\/v2\/pages"}],"about":[{"href":"https:\/\/tobas.de\/wp\/index.php?rest_route=\/wp\/v2\/types\/page"}],"author":[{"embeddable":true,"href":"https:\/\/tobas.de\/wp\/index.php?rest_route=\/wp\/v2\/users\/1"}],"replies":[{"embeddable":true,"href":"https:\/\/tobas.de\/wp\/index.php?rest_route=%2Fwp%2Fv2%2Fcomments&post=18"}],"version-history":[{"count":7,"href":"https:\/\/tobas.de\/wp\/index.php?rest_route=\/wp\/v2\/pages\/18\/revisions"}],"predecessor-version":[{"id":190,"href":"https:\/\/tobas.de\/wp\/index.php?rest_route=\/wp\/v2\/pages\/18\/revisions\/190"}],"wp:attachment":[{"href":"https:\/\/tobas.de\/wp\/index.php?rest_route=%2Fwp%2Fv2%2Fmedia&parent=18"}],"curies":[{"name":"wp","href":"https:\/\/api.w.org\/{rel}","templated":true}]}}