{"id":62,"date":"2015-02-03T12:51:08","date_gmt":"2015-02-03T12:51:08","guid":{"rendered":"http:\/\/tobas.de\/wp\/?page_id=62"},"modified":"2025-07-24T10:25:42","modified_gmt":"2025-07-24T09:25:42","slug":"impressum","status":"publish","type":"page","link":"https:\/\/tobas.de\/wp\/?page_id=62","title":{"rendered":"Impressum"},"content":{"rendered":"<h2>Angaben gem\u00e4\u00df \u00a7 5 DDG:<\/h2>\n<p>Thomas Backhaus<br \/>\nToBaS Systemberatung<br \/>\nBandstra\u00dfe 127<br \/>\n45359 Essen<\/p>\n<h2>Kontakt:<\/h2>\n<p>Telefon: +49 201 8696846<br \/>\nTelefax: +49 201 8696847<br \/>\nE-Mail: info@tobas.de<\/p>\n<h2>Umsatzsteuer-ID:<\/h2>\n<p>Umsatzsteuer-Identifikationsnummer gem\u00e4\u00df \u00a727 a Umsatzsteuergesetz:<br \/>\nDE180373639<\/p>\n<h2>Angaben zur Berufshaftpflichtversicherung:<\/h2>\n<p>Name und Sitz der Gesellschaft:<br \/>\nWestf\u00e4lische Provinzial Versicherung Aktiengesellschaft<br \/>\nProvinzial-Allee 1<br \/>\n48159 M\u00fcnster<br \/>\nGeltungsraum der Versicherung: Deutschland<\/p>\n<p>&nbsp;<\/p>\n<h3>Haftung f\u00fcr Inhalte<\/h3>\n<p>Gem\u00e4\u00df \u00a7 7 Abs.1 TMG tragen wir nach den allgemeinen Gesetzen die Verantwortung f\u00fcr eigene Inhalte auf diesen Seiten. Allerdings sind wir als Dienstanbieter nach \u00a7\u00a7 8 bis 10 TMG nicht verpflichtet, \u00fcbermittelte oder gespeicherte fremde Informationen zu \u00fcberwachen oder nach Umst\u00e4nden zu forschen, die auf eine rechtswidrige T\u00e4tigkeit hindeuten. Davon ausgeschlossen sind die Verpflichtungen zur Entfernung bzw. Sperrung der Nutzung von Informationen nach den allgemeinen Gesetzen. Diesbez\u00fcglich ist eine Haftung allerdings erst ab dem Zeitpunkt der Kenntnis einer konkreten Rechtsverletzung m\u00f6glich. Sollten wir von einer entsprechenden Rechtsverletzung erfahren, werden wir die betreffenden Inhalte umgehend entfernen.<\/p>\n<h3>Haftung f\u00fcr Links<\/h3>\n<p>Trotz sorgf\u00e4ltiger Kontrolle \u00fcbernehmen wir keine Haftung f\u00fcr externe Links, auf deren Inhalt wir keinen Einfluss haben. F\u00fcr den Inhalt der verlinkten Seiten sind ausschlie\u00dflich deren Betreiber verantwortlich. Zum Zeitpunkt der Verlinkung haben wir die externen Links auf m\u00f6gliche Rechtsverst\u00f6\u00dfe \u00fcberpr\u00fcft und konnten keine rechtswidrigen Inhalte feststellen. Ohne konkrete Anhaltspunkte ist eine durchgehende Kontrolle der Inhalte jedoch nicht zumutbar. Sollten wir diesbez\u00fcglich von einer Rechtsverletzung erfahren, werden wir die betreffenden Links umgehend entfernen.<\/p>\n<h3>Urheberrecht<\/h3>\n<p>Die Inhalte und Werke auf diesen Seiten, die durch die Seitenbetreiber erstellt wurden, unterliegen dem deutschen Urheberrecht. F\u00fcr die Vervielf\u00e4ltigung, Bearbeitung, Verbreitung und jede Art der Verwertung au\u00dferhalb des Urheberrechts ist in jedem Fall die schriftliche Zustimmung des Verfassers notwendig. Downloads und Kopien sind ausschlie\u00dflich f\u00fcr den privaten, nicht kommerziellen Gebrauch zugelassen. Inhalte Dritter werden als solche gekennzeichnet und unterliegen den Urheberrechten Dritter. Sollten wir diesbez\u00fcglich von einer Rechtsverletzung erfahren, werden wir die betreffenden Inhalte umgehend entfernen.<\/p>\n<p>&nbsp;<\/p>\n<p>Quelle: <em><a href=\"https:\/\/www.rechtsanwalt.com\/\" rel=\"nofollow\">https:\/\/www.rechtsanwalt.com<\/a><\/em><\/p>\n","protected":false},"excerpt":{"rendered":"<p>Angaben gem\u00e4\u00df \u00a7 5 DDG: Thomas Backhaus ToBaS Systemberatung Bandstra\u00dfe 127 45359 Essen Kontakt: Telefon: +49 201 8696846 Telefax: +49 201 8696847 E-Mail: info@tobas.de Umsatzsteuer-ID: Umsatzsteuer-Identifikationsnummer gem\u00e4\u00df \u00a727 a Umsatzsteuergesetz: DE180373639 Angaben zur Berufshaftpflichtversicherung: Name und Sitz der Gesellschaft: Westf\u00e4lische Provinzial Versicherung Aktiengesellschaft Provinzial-Allee 1 48159 M\u00fcnster Geltungsraum der Versicherung: Deutschland &nbsp; Haftung f\u00fcr Inhalte\u2026 <span class=\"read-more\"><a href=\"https:\/\/tobas.de\/wp\/?page_id=62\">Weiterlesen &raquo;<\/a><\/span><\/p>\n","protected":false},"author":1,"featured_media":0,"parent":0,"menu_order":0,"comment_status":"closed","ping_status":"open","template":"","meta":{"footnotes":""},"class_list":["post-62","page","type-page","status-publish","hentry"],"_links":{"self":[{"href":"https:\/\/tobas.de\/wp\/index.php?rest_route=\/wp\/v2\/pages\/62","targetHints":{"allow":["GET"]}}],"collection":[{"href":"https:\/\/tobas.de\/wp\/index.php?rest_route=\/wp\/v2\/pages"}],"about":[{"href":"https:\/\/tobas.de\/wp\/index.php?rest_route=\/wp\/v2\/types\/page"}],"author":[{"embeddable":true,"href":"https:\/\/tobas.de\/wp\/index.php?rest_route=\/wp\/v2\/users\/1"}],"replies":[{"embeddable":true,"href":"https:\/\/tobas.de\/wp\/index.php?rest_route=%2Fwp%2Fv2%2Fcomments&post=62"}],"version-history":[{"count":14,"href":"https:\/\/tobas.de\/wp\/index.php?rest_route=\/wp\/v2\/pages\/62\/revisions"}],"predecessor-version":[{"id":493,"href":"https:\/\/tobas.de\/wp\/index.php?rest_route=\/wp\/v2\/pages\/62\/revisions\/493"}],"wp:attachment":[{"href":"https:\/\/tobas.de\/wp\/index.php?rest_route=%2Fwp%2Fv2%2Fmedia&parent=62"}],"curies":[{"name":"wp","href":"https:\/\/api.w.org\/{rel}","templated":true}]}}